{"id":177,"date":"2017-11-05T01:34:18","date_gmt":"2017-11-05T01:34:18","guid":{"rendered":"http:\/\/www.cougarbrasil.net\/blog\/?page_id=177"},"modified":"2022-03-13T22:39:47","modified_gmt":"2022-03-13T22:39:47","slug":"registo-rapido","status":"publish","type":"page","link":"https:\/\/www.cougarbrasil.net\/blog\/registo-rapido\/","title":{"rendered":"Registo R\u00e1pido"},"content":{"rendered":"<h2 style=\"text-align: center;\">Registo na Comunidade Brasileira de Cougars<\/h2>\n<p><script async=\"\" src=\"https:\/\/c.caramec.fr\/8\/js\/script.js?id=O33Qk\"><\/script><\/p>\n<div id=\"form\"><\/div>\n<p><!--<script src=\"https:\/\/f.brfirt.com\/tool-register-form\/leet?site_id=1152904&amp;myCh=2&amp;fields[]=1-1&amp;fields[]=3-1&amp;fields[]=1-3&amp;fields[]=3-2&amp;fields[]=2-3&amp;tracker=CougarBrasil-Blog-registo&amp;fields[]=3-3&amp;fb=1&amp;validationText=ENTRAR NA COMUNIDADE\"><\/script>\n--><\/p>\n<div class=\"box warning  \"><div class=\"box-inner-block\"><i class=\"fa tie-shortcode-boxicon\"><\/i>\n\t\t\t\n<h3><strong>Nota Importante:<\/strong> Os registos na nossa comunidade s\u00e3o limitados. Depois de efetuar o seu registo \u00e9 muito importante que valide o seu email. Caso n\u00e3o receba o email de confirma\u00e7\u00e3o por favor verique a sua caixa de lixo.\n\t\t\t<\/div><\/div><\/h3>\n","protected":false},"excerpt":{"rendered":"<p>Registo na Comunidade Brasileira de Cougars<\/p>\n","protected":false},"author":1,"featured_media":0,"parent":0,"menu_order":0,"comment_status":"closed","ping_status":"closed","template":"","meta":{"jetpack_post_was_ever_published":false},"yoast_head":"<!-- This site is optimized with the Yoast SEO plugin v19.8 - https:\/\/yoast.com\/wordpress\/plugins\/seo\/ -->\n<title>Registo R\u00e1pido - Blog Cougar Brasil<\/title>\n<meta name=\"robots\" content=\"index, follow, max-snippet:-1, max-image-preview:large, max-video-preview:-1\" \/>\n<link rel=\"canonical\" href=\"https:\/\/www.cougarbrasil.net\/blog\/registo-rapido\/\" \/>\n<meta property=\"og:locale\" content=\"pt_BR\" \/>\n<meta property=\"og:type\" content=\"article\" \/>\n<meta property=\"og:title\" content=\"Registo R\u00e1pido - Blog Cougar Brasil\" \/>\n<meta property=\"og:description\" content=\"Registo na Comunidade Brasileira de Cougars\" \/>\n<meta property=\"og:url\" content=\"https:\/\/www.cougarbrasil.net\/blog\/registo-rapido\/\" \/>\n<meta property=\"og:site_name\" content=\"Blog Cougar Brasil\" \/>\n<meta property=\"article:modified_time\" content=\"2022-03-13T22:39:47+00:00\" \/>\n<meta name=\"twitter:card\" content=\"summary_large_image\" \/>\n<meta name=\"twitter:label1\" content=\"Est. tempo de leitura\" \/>\n\t<meta name=\"twitter:data1\" content=\"1 minuto\" \/>\n<script type=\"application\/ld+json\" class=\"yoast-schema-graph\">{\"@context\":\"https:\/\/schema.org\",\"@graph\":[{\"@type\":\"WebPage\",\"@id\":\"https:\/\/www.cougarbrasil.net\/blog\/registo-rapido\/\",\"url\":\"https:\/\/www.cougarbrasil.net\/blog\/registo-rapido\/\",\"name\":\"Registo R\u00e1pido - Blog Cougar Brasil\",\"isPartOf\":{\"@id\":\"https:\/\/www.cougarbrasil.net\/blog\/#website\"},\"datePublished\":\"2017-11-05T01:34:18+00:00\",\"dateModified\":\"2022-03-13T22:39:47+00:00\",\"breadcrumb\":{\"@id\":\"https:\/\/www.cougarbrasil.net\/blog\/registo-rapido\/#breadcrumb\"},\"inLanguage\":\"pt-BR\",\"potentialAction\":[{\"@type\":\"ReadAction\",\"target\":[\"https:\/\/www.cougarbrasil.net\/blog\/registo-rapido\/\"]}]},{\"@type\":\"BreadcrumbList\",\"@id\":\"https:\/\/www.cougarbrasil.net\/blog\/registo-rapido\/#breadcrumb\",\"itemListElement\":[{\"@type\":\"ListItem\",\"position\":1,\"name\":\"In\u00edcio\",\"item\":\"https:\/\/www.cougarbrasil.net\/blog\/\"},{\"@type\":\"ListItem\",\"position\":2,\"name\":\"Registo R\u00e1pido\"}]},{\"@type\":\"WebSite\",\"@id\":\"https:\/\/www.cougarbrasil.net\/blog\/#website\",\"url\":\"https:\/\/www.cougarbrasil.net\/blog\/\",\"name\":\"Blog Cougar Brasil\",\"description\":\"Encontros com mulheres maduras\",\"publisher\":{\"@id\":\"https:\/\/www.cougarbrasil.net\/blog\/#organization\"},\"potentialAction\":[{\"@type\":\"SearchAction\",\"target\":{\"@type\":\"EntryPoint\",\"urlTemplate\":\"https:\/\/www.cougarbrasil.net\/blog\/?s={search_term_string}\"},\"query-input\":\"required name=search_term_string\"}],\"inLanguage\":\"pt-BR\"},{\"@type\":\"Organization\",\"@id\":\"https:\/\/www.cougarbrasil.net\/blog\/#organization\",\"name\":\"Cougar Brasil\",\"url\":\"https:\/\/www.cougarbrasil.net\/blog\/\",\"sameAs\":[],\"logo\":{\"@type\":\"ImageObject\",\"inLanguage\":\"pt-BR\",\"@id\":\"https:\/\/www.cougarbrasil.net\/blog\/#\/schema\/logo\/image\/\",\"url\":\"https:\/\/www.cougarbrasil.net\/blog\/wp-content\/uploads\/2014\/01\/cropped-header.jpg\",\"contentUrl\":\"https:\/\/www.cougarbrasil.net\/blog\/wp-content\/uploads\/2014\/01\/cropped-header.jpg\",\"width\":1600,\"height\":230,\"caption\":\"Cougar Brasil\"},\"image\":{\"@id\":\"https:\/\/www.cougarbrasil.net\/blog\/#\/schema\/logo\/image\/\"}}]}<\/script>\n<!-- \/ Yoast SEO plugin. -->","yoast_head_json":{"title":"Registo R\u00e1pido - Blog Cougar Brasil","robots":{"index":"index","follow":"follow","max-snippet":"max-snippet:-1","max-image-preview":"max-image-preview:large","max-video-preview":"max-video-preview:-1"},"canonical":"https:\/\/www.cougarbrasil.net\/blog\/registo-rapido\/","og_locale":"pt_BR","og_type":"article","og_title":"Registo R\u00e1pido - Blog Cougar Brasil","og_description":"Registo na Comunidade Brasileira de Cougars","og_url":"https:\/\/www.cougarbrasil.net\/blog\/registo-rapido\/","og_site_name":"Blog Cougar Brasil","article_modified_time":"2022-03-13T22:39:47+00:00","twitter_card":"summary_large_image","twitter_misc":{"Est. tempo de leitura":"1 minuto"},"schema":{"@context":"https:\/\/schema.org","@graph":[{"@type":"WebPage","@id":"https:\/\/www.cougarbrasil.net\/blog\/registo-rapido\/","url":"https:\/\/www.cougarbrasil.net\/blog\/registo-rapido\/","name":"Registo R\u00e1pido - Blog Cougar Brasil","isPartOf":{"@id":"https:\/\/www.cougarbrasil.net\/blog\/#website"},"datePublished":"2017-11-05T01:34:18+00:00","dateModified":"2022-03-13T22:39:47+00:00","breadcrumb":{"@id":"https:\/\/www.cougarbrasil.net\/blog\/registo-rapido\/#breadcrumb"},"inLanguage":"pt-BR","potentialAction":[{"@type":"ReadAction","target":["https:\/\/www.cougarbrasil.net\/blog\/registo-rapido\/"]}]},{"@type":"BreadcrumbList","@id":"https:\/\/www.cougarbrasil.net\/blog\/registo-rapido\/#breadcrumb","itemListElement":[{"@type":"ListItem","position":1,"name":"In\u00edcio","item":"https:\/\/www.cougarbrasil.net\/blog\/"},{"@type":"ListItem","position":2,"name":"Registo R\u00e1pido"}]},{"@type":"WebSite","@id":"https:\/\/www.cougarbrasil.net\/blog\/#website","url":"https:\/\/www.cougarbrasil.net\/blog\/","name":"Blog Cougar Brasil","description":"Encontros com mulheres maduras","publisher":{"@id":"https:\/\/www.cougarbrasil.net\/blog\/#organization"},"potentialAction":[{"@type":"SearchAction","target":{"@type":"EntryPoint","urlTemplate":"https:\/\/www.cougarbrasil.net\/blog\/?s={search_term_string}"},"query-input":"required name=search_term_string"}],"inLanguage":"pt-BR"},{"@type":"Organization","@id":"https:\/\/www.cougarbrasil.net\/blog\/#organization","name":"Cougar Brasil","url":"https:\/\/www.cougarbrasil.net\/blog\/","sameAs":[],"logo":{"@type":"ImageObject","inLanguage":"pt-BR","@id":"https:\/\/www.cougarbrasil.net\/blog\/#\/schema\/logo\/image\/","url":"https:\/\/www.cougarbrasil.net\/blog\/wp-content\/uploads\/2014\/01\/cropped-header.jpg","contentUrl":"https:\/\/www.cougarbrasil.net\/blog\/wp-content\/uploads\/2014\/01\/cropped-header.jpg","width":1600,"height":230,"caption":"Cougar Brasil"},"image":{"@id":"https:\/\/www.cougarbrasil.net\/blog\/#\/schema\/logo\/image\/"}}]}},"jetpack_sharing_enabled":true,"jetpack_shortlink":"https:\/\/wp.me\/P8dQZD-2R","_links":{"self":[{"href":"https:\/\/www.cougarbrasil.net\/blog\/wp-json\/wp\/v2\/pages\/177"}],"collection":[{"href":"https:\/\/www.cougarbrasil.net\/blog\/wp-json\/wp\/v2\/pages"}],"about":[{"href":"https:\/\/www.cougarbrasil.net\/blog\/wp-json\/wp\/v2\/types\/page"}],"author":[{"embeddable":true,"href":"https:\/\/www.cougarbrasil.net\/blog\/wp-json\/wp\/v2\/users\/1"}],"replies":[{"embeddable":true,"href":"https:\/\/www.cougarbrasil.net\/blog\/wp-json\/wp\/v2\/comments?post=177"}],"version-history":[{"count":6,"href":"https:\/\/www.cougarbrasil.net\/blog\/wp-json\/wp\/v2\/pages\/177\/revisions"}],"predecessor-version":[{"id":247,"href":"https:\/\/www.cougarbrasil.net\/blog\/wp-json\/wp\/v2\/pages\/177\/revisions\/247"}],"wp:attachment":[{"href":"https:\/\/www.cougarbrasil.net\/blog\/wp-json\/wp\/v2\/media?parent=177"}],"curies":[{"name":"wp","href":"https:\/\/api.w.org\/{rel}","templated":true}]}}