{"id":199,"date":"2017-12-14T22:07:17","date_gmt":"2017-12-14T22:07:17","guid":{"rendered":"http:\/\/www.cougarbrasil.net\/blog\/?page_id=199"},"modified":"2017-12-14T22:07:38","modified_gmt":"2017-12-14T22:07:38","slug":"contato","status":"publish","type":"page","link":"https:\/\/www.cougarbrasil.net\/blog\/contato\/","title":{"rendered":"Contato"},"content":{"rendered":"<div role=\"form\" class=\"wpcf7\" id=\"wpcf7-f198-o1\" lang=\"pt-BR\" dir=\"ltr\">\n<div class=\"screen-reader-response\"><p role=\"status\" aria-live=\"polite\" aria-atomic=\"true\"><\/p> <ul><\/ul><\/div>\n<form action=\"\/blog\/wp-json\/wp\/v2\/pages\/199#wpcf7-f198-o1\" method=\"post\" class=\"wpcf7-form init\" novalidate=\"novalidate\" data-status=\"init\">\n<div style=\"display: none;\">\n<input type=\"hidden\" name=\"_wpcf7\" value=\"198\" \/>\n<input type=\"hidden\" name=\"_wpcf7_version\" value=\"5.6.4\" \/>\n<input type=\"hidden\" name=\"_wpcf7_locale\" value=\"pt_BR\" \/>\n<input type=\"hidden\" name=\"_wpcf7_unit_tag\" value=\"wpcf7-f198-o1\" \/>\n<input type=\"hidden\" name=\"_wpcf7_container_post\" value=\"0\" \/>\n<input type=\"hidden\" name=\"_wpcf7_posted_data_hash\" value=\"\" \/>\n<\/div>\n<p><label> Seu nome (obrigat\u00f3rio)<br \/>\n    <span class=\"wpcf7-form-control-wrap\" data-name=\"your-name\"><input type=\"text\" name=\"your-name\" value=\"\" size=\"40\" class=\"wpcf7-form-control wpcf7-text wpcf7-validates-as-required\" aria-required=\"true\" aria-invalid=\"false\" \/><\/span> <\/label><\/p>\n<p><label> Seu e-mail (obrigat\u00f3rio)<br \/>\n    <span class=\"wpcf7-form-control-wrap\" data-name=\"your-email\"><input type=\"email\" name=\"your-email\" value=\"\" size=\"40\" class=\"wpcf7-form-control wpcf7-text wpcf7-email wpcf7-validates-as-required wpcf7-validates-as-email\" aria-required=\"true\" aria-invalid=\"false\" \/><\/span> <\/label><\/p>\n<p><label> Assunto<br \/>\n    <span class=\"wpcf7-form-control-wrap\" data-name=\"your-subject\"><input type=\"text\" name=\"your-subject\" value=\"\" size=\"40\" class=\"wpcf7-form-control wpcf7-text\" aria-invalid=\"false\" \/><\/span> <\/label><\/p>\n<p><label> Sua mensagem<br \/>\n    <span class=\"wpcf7-form-control-wrap\" data-name=\"your-message\"><textarea name=\"your-message\" cols=\"40\" rows=\"10\" class=\"wpcf7-form-control wpcf7-textarea\" aria-invalid=\"false\"><\/textarea><\/span> <\/label><\/p>\n<p><input type=\"submit\" value=\"Enviar\" class=\"wpcf7-form-control has-spinner wpcf7-submit\" \/><\/p>\n<p style=\"display: none !important;\"><label>&#916;<textarea name=\"_wpcf7_ak_hp_textarea\" cols=\"45\" rows=\"8\" maxlength=\"100\"><\/textarea><\/label><input type=\"hidden\" id=\"ak_js_1\" name=\"_wpcf7_ak_js\" value=\"47\"\/><script>document.getElementById( \"ak_js_1\" ).setAttribute( \"value\", ( new Date() ).getTime() );<\/script><\/p><div class=\"wpcf7-response-output\" aria-hidden=\"true\"><\/div><\/form><\/div>\n","protected":false},"excerpt":{"rendered":"","protected":false},"author":1,"featured_media":0,"parent":0,"menu_order":0,"comment_status":"closed","ping_status":"closed","template":"","meta":{"jetpack_post_was_ever_published":false},"yoast_head":"<!-- This site is optimized with the Yoast SEO plugin v19.8 - https:\/\/yoast.com\/wordpress\/plugins\/seo\/ -->\n<title>Contato - Blog Cougar Brasil<\/title>\n<meta name=\"description\" content=\"Formul\u00e1rio de contato. Tentaremos ser breves a responder \u00e0 sua quest\u00e3o!. Site de encontros e relacionamentos com mulheres cougars do Brasil.\" \/>\n<meta name=\"robots\" content=\"index, follow, max-snippet:-1, max-image-preview:large, max-video-preview:-1\" \/>\n<link rel=\"canonical\" href=\"https:\/\/www.cougarbrasil.net\/blog\/contato\/\" \/>\n<meta property=\"og:locale\" content=\"pt_BR\" \/>\n<meta property=\"og:type\" content=\"article\" \/>\n<meta property=\"og:title\" content=\"Contato - Blog Cougar Brasil\" \/>\n<meta property=\"og:description\" content=\"Formul\u00e1rio de contato. Tentaremos ser breves a responder \u00e0 sua quest\u00e3o!. Site de encontros e relacionamentos com mulheres cougars do Brasil.\" \/>\n<meta property=\"og:url\" content=\"https:\/\/www.cougarbrasil.net\/blog\/contato\/\" \/>\n<meta property=\"og:site_name\" content=\"Blog Cougar Brasil\" \/>\n<meta property=\"article:modified_time\" content=\"2017-12-14T22:07:38+00:00\" \/>\n<meta name=\"twitter:card\" content=\"summary_large_image\" \/>\n<script type=\"application\/ld+json\" class=\"yoast-schema-graph\">{\"@context\":\"https:\/\/schema.org\",\"@graph\":[{\"@type\":\"WebPage\",\"@id\":\"https:\/\/www.cougarbrasil.net\/blog\/contato\/\",\"url\":\"https:\/\/www.cougarbrasil.net\/blog\/contato\/\",\"name\":\"Contato - Blog Cougar Brasil\",\"isPartOf\":{\"@id\":\"https:\/\/www.cougarbrasil.net\/blog\/#website\"},\"datePublished\":\"2017-12-14T22:07:17+00:00\",\"dateModified\":\"2017-12-14T22:07:38+00:00\",\"description\":\"Formul\u00e1rio de contato. Tentaremos ser breves a responder \u00e0 sua quest\u00e3o!. Site de encontros e relacionamentos com mulheres cougars do Brasil.\",\"breadcrumb\":{\"@id\":\"https:\/\/www.cougarbrasil.net\/blog\/contato\/#breadcrumb\"},\"inLanguage\":\"pt-BR\",\"potentialAction\":[{\"@type\":\"ReadAction\",\"target\":[\"https:\/\/www.cougarbrasil.net\/blog\/contato\/\"]}]},{\"@type\":\"BreadcrumbList\",\"@id\":\"https:\/\/www.cougarbrasil.net\/blog\/contato\/#breadcrumb\",\"itemListElement\":[{\"@type\":\"ListItem\",\"position\":1,\"name\":\"In\u00edcio\",\"item\":\"https:\/\/www.cougarbrasil.net\/blog\/\"},{\"@type\":\"ListItem\",\"position\":2,\"name\":\"Contato\"}]},{\"@type\":\"WebSite\",\"@id\":\"https:\/\/www.cougarbrasil.net\/blog\/#website\",\"url\":\"https:\/\/www.cougarbrasil.net\/blog\/\",\"name\":\"Blog Cougar Brasil\",\"description\":\"Encontros com mulheres maduras\",\"publisher\":{\"@id\":\"https:\/\/www.cougarbrasil.net\/blog\/#organization\"},\"potentialAction\":[{\"@type\":\"SearchAction\",\"target\":{\"@type\":\"EntryPoint\",\"urlTemplate\":\"https:\/\/www.cougarbrasil.net\/blog\/?s={search_term_string}\"},\"query-input\":\"required name=search_term_string\"}],\"inLanguage\":\"pt-BR\"},{\"@type\":\"Organization\",\"@id\":\"https:\/\/www.cougarbrasil.net\/blog\/#organization\",\"name\":\"Cougar Brasil\",\"url\":\"https:\/\/www.cougarbrasil.net\/blog\/\",\"sameAs\":[],\"logo\":{\"@type\":\"ImageObject\",\"inLanguage\":\"pt-BR\",\"@id\":\"https:\/\/www.cougarbrasil.net\/blog\/#\/schema\/logo\/image\/\",\"url\":\"https:\/\/www.cougarbrasil.net\/blog\/wp-content\/uploads\/2014\/01\/cropped-header.jpg\",\"contentUrl\":\"https:\/\/www.cougarbrasil.net\/blog\/wp-content\/uploads\/2014\/01\/cropped-header.jpg\",\"width\":1600,\"height\":230,\"caption\":\"Cougar Brasil\"},\"image\":{\"@id\":\"https:\/\/www.cougarbrasil.net\/blog\/#\/schema\/logo\/image\/\"}}]}<\/script>\n<!-- \/ Yoast SEO plugin. -->","yoast_head_json":{"title":"Contato - Blog Cougar Brasil","description":"Formul\u00e1rio de contato. Tentaremos ser breves a responder \u00e0 sua quest\u00e3o!. Site de encontros e relacionamentos com mulheres cougars do Brasil.","robots":{"index":"index","follow":"follow","max-snippet":"max-snippet:-1","max-image-preview":"max-image-preview:large","max-video-preview":"max-video-preview:-1"},"canonical":"https:\/\/www.cougarbrasil.net\/blog\/contato\/","og_locale":"pt_BR","og_type":"article","og_title":"Contato - Blog Cougar Brasil","og_description":"Formul\u00e1rio de contato. Tentaremos ser breves a responder \u00e0 sua quest\u00e3o!. Site de encontros e relacionamentos com mulheres cougars do Brasil.","og_url":"https:\/\/www.cougarbrasil.net\/blog\/contato\/","og_site_name":"Blog Cougar Brasil","article_modified_time":"2017-12-14T22:07:38+00:00","twitter_card":"summary_large_image","schema":{"@context":"https:\/\/schema.org","@graph":[{"@type":"WebPage","@id":"https:\/\/www.cougarbrasil.net\/blog\/contato\/","url":"https:\/\/www.cougarbrasil.net\/blog\/contato\/","name":"Contato - Blog Cougar Brasil","isPartOf":{"@id":"https:\/\/www.cougarbrasil.net\/blog\/#website"},"datePublished":"2017-12-14T22:07:17+00:00","dateModified":"2017-12-14T22:07:38+00:00","description":"Formul\u00e1rio de contato. Tentaremos ser breves a responder \u00e0 sua quest\u00e3o!. Site de encontros e relacionamentos com mulheres cougars do Brasil.","breadcrumb":{"@id":"https:\/\/www.cougarbrasil.net\/blog\/contato\/#breadcrumb"},"inLanguage":"pt-BR","potentialAction":[{"@type":"ReadAction","target":["https:\/\/www.cougarbrasil.net\/blog\/contato\/"]}]},{"@type":"BreadcrumbList","@id":"https:\/\/www.cougarbrasil.net\/blog\/contato\/#breadcrumb","itemListElement":[{"@type":"ListItem","position":1,"name":"In\u00edcio","item":"https:\/\/www.cougarbrasil.net\/blog\/"},{"@type":"ListItem","position":2,"name":"Contato"}]},{"@type":"WebSite","@id":"https:\/\/www.cougarbrasil.net\/blog\/#website","url":"https:\/\/www.cougarbrasil.net\/blog\/","name":"Blog Cougar Brasil","description":"Encontros com mulheres maduras","publisher":{"@id":"https:\/\/www.cougarbrasil.net\/blog\/#organization"},"potentialAction":[{"@type":"SearchAction","target":{"@type":"EntryPoint","urlTemplate":"https:\/\/www.cougarbrasil.net\/blog\/?s={search_term_string}"},"query-input":"required name=search_term_string"}],"inLanguage":"pt-BR"},{"@type":"Organization","@id":"https:\/\/www.cougarbrasil.net\/blog\/#organization","name":"Cougar Brasil","url":"https:\/\/www.cougarbrasil.net\/blog\/","sameAs":[],"logo":{"@type":"ImageObject","inLanguage":"pt-BR","@id":"https:\/\/www.cougarbrasil.net\/blog\/#\/schema\/logo\/image\/","url":"https:\/\/www.cougarbrasil.net\/blog\/wp-content\/uploads\/2014\/01\/cropped-header.jpg","contentUrl":"https:\/\/www.cougarbrasil.net\/blog\/wp-content\/uploads\/2014\/01\/cropped-header.jpg","width":1600,"height":230,"caption":"Cougar Brasil"},"image":{"@id":"https:\/\/www.cougarbrasil.net\/blog\/#\/schema\/logo\/image\/"}}]}},"jetpack_sharing_enabled":true,"jetpack_shortlink":"https:\/\/wp.me\/P8dQZD-3d","_links":{"self":[{"href":"https:\/\/www.cougarbrasil.net\/blog\/wp-json\/wp\/v2\/pages\/199"}],"collection":[{"href":"https:\/\/www.cougarbrasil.net\/blog\/wp-json\/wp\/v2\/pages"}],"about":[{"href":"https:\/\/www.cougarbrasil.net\/blog\/wp-json\/wp\/v2\/types\/page"}],"author":[{"embeddable":true,"href":"https:\/\/www.cougarbrasil.net\/blog\/wp-json\/wp\/v2\/users\/1"}],"replies":[{"embeddable":true,"href":"https:\/\/www.cougarbrasil.net\/blog\/wp-json\/wp\/v2\/comments?post=199"}],"version-history":[{"count":3,"href":"https:\/\/www.cougarbrasil.net\/blog\/wp-json\/wp\/v2\/pages\/199\/revisions"}],"predecessor-version":[{"id":202,"href":"https:\/\/www.cougarbrasil.net\/blog\/wp-json\/wp\/v2\/pages\/199\/revisions\/202"}],"wp:attachment":[{"href":"https:\/\/www.cougarbrasil.net\/blog\/wp-json\/wp\/v2\/media?parent=199"}],"curies":[{"name":"wp","href":"https:\/\/api.w.org\/{rel}","templated":true}]}}